{"id":778,"date":"2022-05-07T14:12:43","date_gmt":"2022-05-07T12:12:43","guid":{"rendered":"https:\/\/www.hoteltorreimperiale.com\/?page_id=778"},"modified":"2022-06-18T13:54:32","modified_gmt":"2022-06-18T11:54:32","slug":"buchungsanfrage","status":"publish","type":"page","link":"https:\/\/www.hoteltorreimperiale.com\/de\/buchungsanfrage\/","title":{"rendered":"Buchungsanfrage"},"content":{"rendered":"<p>F\u00fcllen Sie dieses Formular aus, um uns einen Buchungsvorschlag zu senden. Sie werden so schnell wie m\u00f6glich telefonisch oder per E-Mail kontaktiert. Achtung: Die Felder mit diesem Symbol [*] sind Pflichtfelder beim Ausf\u00fcllen des Formulars.<br \/>\nHinweis: \u00dcberpr\u00fcfen Sie immer die Richtigkeit der Telefonnummer oder E-Mail, da wir Sie sonst nicht erreichen k\u00f6nnen. \n<div class=\"wpcf7 no-js\" id=\"wpcf7-f793-o1\" lang=\"it-IT\" dir=\"ltr\">\n<div class=\"screen-reader-response\"><p role=\"status\" aria-live=\"polite\" aria-atomic=\"true\"><\/p> <ul><\/ul><\/div>\n<form action=\"\/de\/wp-json\/wp\/v2\/pages\/778#wpcf7-f793-o1\" method=\"post\" class=\"wpcf7-form init\" aria-label=\"Modulo di contatto\" novalidate=\"novalidate\" data-status=\"init\">\n<div style=\"display: none;\">\n<input type=\"hidden\" name=\"_wpcf7\" value=\"793\" \/>\n<input type=\"hidden\" name=\"_wpcf7_version\" value=\"5.7.7\" \/>\n<input type=\"hidden\" name=\"_wpcf7_locale\" value=\"it_IT\" \/>\n<input type=\"hidden\" name=\"_wpcf7_unit_tag\" value=\"wpcf7-f793-o1\" \/>\n<input type=\"hidden\" name=\"_wpcf7_container_post\" value=\"0\" \/>\n<input type=\"hidden\" name=\"_wpcf7_posted_data_hash\" value=\"\" \/>\n<\/div>\n<div id=\"responsive-form\" class=\"clearfix\">\n\t<div class=\"form-row\">\n\t\t<div class=\"column-half\">\n\t\t\t<p><label>Name (Vor- und Nachname) [*] <span class=\"wpcf7-form-control-wrap\" data-name=\"text-669\"><input size=\"40\" class=\"wpcf7-form-control wpcf7-text wpcf7-validates-as-required\" aria-required=\"true\" aria-invalid=\"false\" value=\"\" type=\"text\" name=\"text-669\" \/><\/span><\/label>\n\t\t\t<\/p>\n\t\t<\/div>\n\t\t<div class=\"column-half\">\n\t\t\t<p><label>E-Mail-Addresse [*] <span class=\"wpcf7-form-control-wrap\" data-name=\"email-151\"><input size=\"40\" class=\"wpcf7-form-control wpcf7-text wpcf7-email wpcf7-validates-as-required wpcf7-validates-as-email\" aria-required=\"true\" aria-invalid=\"false\" value=\"\" type=\"email\" name=\"email-151\" \/><\/span><\/label>\n\t\t\t<\/p>\n\t\t<\/div>\n\t<\/div>\n\t<div class=\"column-full\">\n\t\t<p><label>Telefon (einschlie\u00dflich Landesvorwahl, zB: +39 f\u00fcr Italien) [*]<br \/>\n<span class=\"wpcf7-form-control-wrap\" data-name=\"tel-785\"><input size=\"40\" class=\"wpcf7-form-control wpcf7-text wpcf7-tel wpcf7-validates-as-required wpcf7-validates-as-tel\" aria-required=\"true\" aria-invalid=\"false\" value=\"\" type=\"tel\" name=\"tel-785\" \/><\/span><\/label>\n\t\t<\/p>\n\t<\/div>\n\t<div class=\"form-row\">\n\t\t<div class=\"column-half\">\n\t\t\t<p><label>Eincheckdatum [*]<br \/>\n<span class=\"wpcf7-form-control-wrap\" data-name=\"date-761\"><input class=\"wpcf7-form-control wpcf7-date wpcf7-validates-as-required wpcf7-validates-as-date\" aria-required=\"true\" aria-invalid=\"false\" value=\"\" type=\"date\" name=\"date-761\" \/><\/span><\/label>\n\t\t\t<\/p>\n\t\t<\/div>\n\t\t<div class=\"column-half\">\n\t\t\t<p><label>Abreisedatum [*]<br \/>\n<span class=\"wpcf7-form-control-wrap\" data-name=\"date-836\"><input class=\"wpcf7-form-control wpcf7-date wpcf7-validates-as-required wpcf7-validates-as-date\" aria-required=\"true\" aria-invalid=\"false\" value=\"\" type=\"date\" name=\"date-836\" \/><\/span><\/label>\n\t\t\t<\/p>\n\t\t<\/div>\n\t<\/div>\n\t<div class=\"form-row\">\n\t\t<div class=\"column-half\">\n\t\t\t<p><label>Gew\u00fcnschtes Zimmer [*] angeben (Einzel \/ Doppel \/ andere)<br \/>\n<span class=\"wpcf7-form-control-wrap\" data-name=\"text-478\"><input size=\"40\" class=\"wpcf7-form-control wpcf7-text wpcf7-validates-as-required\" aria-required=\"true\" aria-invalid=\"false\" value=\"\" type=\"text\" name=\"text-478\" \/><\/span><\/label>\n\t\t\t<\/p>\n\t\t<\/div>\n\t\t<div class=\"column-half\">\n\t\t\t<p><label>Anzahl von Personen [*]<br \/>\n<span class=\"wpcf7-form-control-wrap\" data-name=\"number-922\"><input class=\"wpcf7-form-control wpcf7-number wpcf7-validates-as-required wpcf7-validates-as-number\" aria-required=\"true\" aria-invalid=\"false\" value=\"\" type=\"number\" name=\"number-922\" \/><\/span><\/label>\n\t\t\t<\/p>\n\t\t<\/div>\n\t<\/div>\n\t<div class=\"form-row\">\n\t\t<div class=\"column-full\">\n\t\t\t<p><label>Anti-Spam-Pr\u00fcfung [*] <span class=\"wpcf7-form-control-wrap\" data-name=\"quiz-964\"><label><span class=\"wpcf7-quiz-label\">3-1<\/span> <input size=\"40\" class=\"wpcf7-form-control wpcf7-quiz\" autocomplete=\"off\" aria-required=\"true\" aria-invalid=\"false\" type=\"text\" name=\"quiz-964\" \/><\/label><input type=\"hidden\" name=\"_wpcf7_quiz_answer_quiz-964\" value=\"b3bf1d655ada6715a73ac90dfcb74001\" \/><\/span><\/label>\n\t\t\t<\/p>\n\t\t<\/div>\n\t\t<div class=\"column-full\">\n\t\t\t<p><input class=\"wpcf7-form-control has-spinner wpcf7-submit\" type=\"submit\" value=\"Ende des Formulars\" \/>\n\t\t\t<\/p>\n\t\t<\/div>\n\t<\/div>\n<\/div>\n<!--end responsive-form--><div class=\"wpcf7-response-output\" aria-hidden=\"true\"><\/div>\n<\/form>\n<\/div>\n<\/p>\n","protected":false},"excerpt":{"rendered":"<p>F\u00fcllen Sie dieses Formular aus, um uns einen Buchungsvorschlag zu senden. Sie werden so schnell wie m\u00f6glich telefonisch oder per E-Mail kontaktiert. Achtung: Die Felder mit diesem Symbol [*] sind Pflichtfelder beim Ausf\u00fcllen des Formulars. Hinweis: \u00dcberpr\u00fcfen Sie immer die Richtigkeit der Telefonnummer oder E-Mail, da wir Sie sonst nicht erreichen k\u00f6nnen.<\/p>\n","protected":false},"author":1,"featured_media":0,"parent":0,"menu_order":0,"comment_status":"closed","ping_status":"closed","template":"page-templates\/full-width.php","meta":[],"_links":{"self":[{"href":"https:\/\/www.hoteltorreimperiale.com\/de\/wp-json\/wp\/v2\/pages\/778"}],"collection":[{"href":"https:\/\/www.hoteltorreimperiale.com\/de\/wp-json\/wp\/v2\/pages"}],"about":[{"href":"https:\/\/www.hoteltorreimperiale.com\/de\/wp-json\/wp\/v2\/types\/page"}],"author":[{"embeddable":true,"href":"https:\/\/www.hoteltorreimperiale.com\/de\/wp-json\/wp\/v2\/users\/1"}],"replies":[{"embeddable":true,"href":"https:\/\/www.hoteltorreimperiale.com\/de\/wp-json\/wp\/v2\/comments?post=778"}],"version-history":[{"count":3,"href":"https:\/\/www.hoteltorreimperiale.com\/de\/wp-json\/wp\/v2\/pages\/778\/revisions"}],"predecessor-version":[{"id":794,"href":"https:\/\/www.hoteltorreimperiale.com\/de\/wp-json\/wp\/v2\/pages\/778\/revisions\/794"}],"wp:attachment":[{"href":"https:\/\/www.hoteltorreimperiale.com\/de\/wp-json\/wp\/v2\/media?parent=778"}],"curies":[{"name":"wp","href":"https:\/\/api.w.org\/{rel}","templated":true}]}}