{"id":773,"date":"2022-04-19T16:38:03","date_gmt":"2022-04-19T14:38:03","guid":{"rendered":"https:\/\/www.hoteltorreimperiale.com\/?page_id=773"},"modified":"2022-07-28T15:48:33","modified_gmt":"2022-07-28T13:48:33","slug":"leistungen","status":"publish","type":"page","link":"https:\/\/www.hoteltorreimperiale.com\/de\/leistungen\/","title":{"rendered":"Leistungen"},"content":{"rendered":"<p><img loading=\"lazy\" class=\"wp-image-334 size-medium alignleft\" src=\"https:\/\/www.hoteltorreimperiale.com\/wp-content\/uploads\/2022\/04\/262935421-2-232x300.jpg\" alt=\"\" width=\"232\" height=\"300\" srcset=\"https:\/\/www.hoteltorreimperiale.com\/wp-content\/uploads\/2022\/04\/262935421-2-232x300.jpg 232w, https:\/\/www.hoteltorreimperiale.com\/wp-content\/uploads\/2022\/04\/262935421-2.jpg 595w\" sizes=\"(max-width: 232px) 100vw, 232px\" \/>Seit einiger Zeit bietet unsere Struktur auch Dienstleistungen f\u00fcr lokale und nicht lokale Unternehmen an; im Speziellen:<\/p>\n<ul>\n<li>Versetzung von Arbeitnehmern (saisonal und au\u00dfersaisonal)<\/li>\n<li>verg\u00fcnstigte \u00dcbernachtungspreise f\u00fcr eingesetztes Personal in benachbarten Baustellen (kurz- und langfristig)<\/li>\n<li>Rabatte f\u00fcr Gruppen von Arbeitnehmern (Formeln: <strong>Halbpension<\/strong> oder <strong>Vollpension<\/strong>)<\/li>\n<li>Parkservice f\u00fcr Firmenwagen<\/li>\n<\/ul>\n","protected":false},"excerpt":{"rendered":"<p>Seit einiger Zeit bietet unsere Struktur auch Dienstleistungen f\u00fcr lokale und nicht lokale Unternehmen an; im Speziellen: Versetzung von Arbeitnehmern (saisonal und au\u00dfersaisonal) verg\u00fcnstigte \u00dcbernachtungspreise f\u00fcr eingesetztes Personal in benachbarten Baustellen (kurz- und langfristig) Rabatte f\u00fcr Gruppen von Arbeitnehmern (Formeln: Halbpension oder Vollpension) Parkservice f\u00fcr Firmenwagen<\/p>\n","protected":false},"author":1,"featured_media":0,"parent":0,"menu_order":0,"comment_status":"closed","ping_status":"closed","template":"page-templates\/full-width.php","meta":[],"_links":{"self":[{"href":"https:\/\/www.hoteltorreimperiale.com\/de\/wp-json\/wp\/v2\/pages\/773"}],"collection":[{"href":"https:\/\/www.hoteltorreimperiale.com\/de\/wp-json\/wp\/v2\/pages"}],"about":[{"href":"https:\/\/www.hoteltorreimperiale.com\/de\/wp-json\/wp\/v2\/types\/page"}],"author":[{"embeddable":true,"href":"https:\/\/www.hoteltorreimperiale.com\/de\/wp-json\/wp\/v2\/users\/1"}],"replies":[{"embeddable":true,"href":"https:\/\/www.hoteltorreimperiale.com\/de\/wp-json\/wp\/v2\/comments?post=773"}],"version-history":[{"count":6,"href":"https:\/\/www.hoteltorreimperiale.com\/de\/wp-json\/wp\/v2\/pages\/773\/revisions"}],"predecessor-version":[{"id":1194,"href":"https:\/\/www.hoteltorreimperiale.com\/de\/wp-json\/wp\/v2\/pages\/773\/revisions\/1194"}],"wp:attachment":[{"href":"https:\/\/www.hoteltorreimperiale.com\/de\/wp-json\/wp\/v2\/media?parent=773"}],"curies":[{"name":"wp","href":"https:\/\/api.w.org\/{rel}","templated":true}]}}