{"id":771,"date":"2021-10-30T11:52:49","date_gmt":"2021-10-30T09:52:49","guid":{"rendered":"https:\/\/www.hoteltorreimperiale.com\/?page_id=771"},"modified":"2022-07-29T12:30:11","modified_gmt":"2022-07-29T10:30:11","slug":"in-die-naehe","status":"publish","type":"page","link":"https:\/\/www.hoteltorreimperiale.com\/de\/in-die-naehe\/","title":{"rendered":"In die n\u00e4he"},"content":{"rendered":"<p>In die n\u00e4he<\/p>\n<div id=\"attachment_277\" style=\"width: 160px\" class=\"wp-caption alignleft\"><img aria-describedby=\"caption-attachment-277\" loading=\"lazy\" class=\"wp-image-277 size-thumbnail\" src=\"https:\/\/www.hoteltorreimperiale.com\/wp-content\/uploads\/2022\/04\/maccagno-600x300-1-150x150.jpg\" alt=\"\" width=\"150\" height=\"150\" \/><p id=\"caption-attachment-277\" class=\"wp-caption-text\">Lago Maggiore<\/p><\/div>\n<p>Am lombardischen Ufer des Lago Maggiore, zwischen Luino und der Grenze zur Tessiner K\u00fcste von Verbano, liegt der herrliche Maccagno mit Pino und Veddasca. Weniger als 6 km von Luino entfernt, ist Maccagno con Pino e Veddasca eine Gemeinde mit einem riesigen Gebiet, das vom See bis in die Bergregion des Veddasca-Tals reicht. Maccagno wurde 2014 mit Pino und Veddasca vereint und hat sein Territorium erheblich erweitert und sich zu einer kleinen und charmanten Stadt entwickelt.<\/p>\n<p>In Maccagno gibt es viel zu sehen, von den religi\u00f6sen Zeugnissen mit den mit Fresken verzierten Kirchen und Kapellen, unter denen die Wallfahrtskirche Madonnina della Punta hervorsticht, bis zu den engen Gassen mit den daran gelehnten H\u00e4usern, wo der Imperial Tower dominiert.<\/p>\n<p>Von gro\u00dfem Wert sind auch die Waschh\u00e4user, die Sonnenuhr von Campagnano, die Holzfiguren von Musignano, die Mosaiken von Cadero, die Casa Branca mit den kostbaren Loggien und die zahlreichen Almen. Auch ein Besuch des Stadtmuseums Parisi Valle, das die moderne Kunstsammlung seines Sch\u00f6pfers beherbergt, und des Kraftwerks Roncovalgrande sollten Sie sich nicht entgehen lassen.<br \/>\nUnd schlie\u00dflich ist es ein Muss, die Promenade zu nehmen, die die Str\u00e4nde von Inferiore mit Gabella verbindet, und die atemberaubende Aussicht \u00fcber fast ganz Verbano zu bewundern, von den Gipfeln des Kantons Tessin bis zum Borrom\u00e4ischen Golf.<\/p>\n<p><img loading=\"lazy\" class=\"size-thumbnail wp-image-210 alignright\" src=\"https:\/\/www.hoteltorreimperiale.com\/wp-content\/uploads\/2022\/04\/262928941-150x150.jpg\" alt=\"\" width=\"150\" height=\"150\" \/><\/p>\n","protected":false},"excerpt":{"rendered":"<p>In die n\u00e4he Am lombardischen Ufer des Lago Maggiore, zwischen Luino und der Grenze zur Tessiner K\u00fcste von Verbano, liegt der herrliche Maccagno mit Pino und Veddasca. Weniger als 6 km von Luino entfernt, ist Maccagno con Pino e Veddasca eine Gemeinde mit einem riesigen Gebiet, das vom See bis in die Bergregion des Veddasca-Tals&#8230; <\/p>\n<div class=\"read-more navbutton\"><a href=\"https:\/\/www.hoteltorreimperiale.com\/de\/in-die-naehe\/\">Read More<i class=\"fa fa-angle-double-right\"><\/i><\/a><\/div>\n","protected":false},"author":1,"featured_media":0,"parent":0,"menu_order":0,"comment_status":"closed","ping_status":"closed","template":"page-templates\/full-width.php","meta":[],"_links":{"self":[{"href":"https:\/\/www.hoteltorreimperiale.com\/de\/wp-json\/wp\/v2\/pages\/771"}],"collection":[{"href":"https:\/\/www.hoteltorreimperiale.com\/de\/wp-json\/wp\/v2\/pages"}],"about":[{"href":"https:\/\/www.hoteltorreimperiale.com\/de\/wp-json\/wp\/v2\/types\/page"}],"author":[{"embeddable":true,"href":"https:\/\/www.hoteltorreimperiale.com\/de\/wp-json\/wp\/v2\/users\/1"}],"replies":[{"embeddable":true,"href":"https:\/\/www.hoteltorreimperiale.com\/de\/wp-json\/wp\/v2\/comments?post=771"}],"version-history":[{"count":1,"href":"https:\/\/www.hoteltorreimperiale.com\/de\/wp-json\/wp\/v2\/pages\/771\/revisions"}],"predecessor-version":[{"id":772,"href":"https:\/\/www.hoteltorreimperiale.com\/de\/wp-json\/wp\/v2\/pages\/771\/revisions\/772"}],"wp:attachment":[{"href":"https:\/\/www.hoteltorreimperiale.com\/de\/wp-json\/wp\/v2\/media?parent=771"}],"curies":[{"name":"wp","href":"https:\/\/api.w.org\/{rel}","templated":true}]}}