{"id":767,"date":"2021-10-30T11:52:16","date_gmt":"2021-10-30T09:52:16","guid":{"rendered":"https:\/\/www.hoteltorreimperiale.com\/?page_id=767"},"modified":"2022-06-18T13:00:44","modified_gmt":"2022-06-18T11:00:44","slug":"raeume","status":"publish","type":"page","link":"https:\/\/www.hoteltorreimperiale.com\/de\/raeume\/","title":{"rendered":"R\u00e4ume"},"content":{"rendered":"<p><img loading=\"lazy\" class=\"alignleft size-thumbnail wp-image-332\" src=\"https:\/\/www.hoteltorreimperiale.com\/wp-content\/uploads\/2022\/04\/262928918-2-150x150.jpg\" alt=\"\" width=\"150\" height=\"150\" \/>Ein nettes Hotel mit exklusiven Zimmern, jemand mit Seeblick; Unseres hellen Zimmer Hotels bieten ein modernes Design und eine einladende Atmosph\u00e4re mit privatem Balkon oder Terrasse f\u00fcr einen erholsamen Aufenthalt.<\/p>\n<p>Sobald Sie im Torre Imperiale ankommen, werden Sie dank der vielen Zimmer sofort ein Gef\u00fchl angenehmer Vertrautheit sp\u00fcren, um sicherzustellen, dass alle G\u00e4ste ein wirklich exklusives und einzigartiges Erlebnis haben.<\/p>\n<p>Moderne und lichtdurchflutete Zimmer, jeweils mit Balkon, eigener Terrasse oder Panoramafenster mit Seeblick, garantieren Ihnen einen erholsamen Urlaub ohne auf Komfort verzichten zu m\u00fcssen<\/p>\n\t\t\t<div class=\"gwts-gwl-prev-gallery\">\n\t\t\t\t\t\t\t\t\t\t\t\t\t<p class=\"gwts-gwl-prev-desc\">-<\/p> \n\t\t\t\t\t\t\t<\/div>\n\t\t\t\n\t\t \t<div class=\"item\" style=\"padding:    ;\">            \n\t      <div class=\"clearfix\" style=\"max-width:800px;\">\n\n\t        <ul id=\"gwts-gwl-img-gallery470\" class=\"gwts-gwl-slidergal list-unstyled cS-hidden\" data-litebx=\"true\">\n\t\t\t\t    \n\t\t\t\t\t \t\t<li data-thumb=\"https:\/\/www.hoteltorreimperiale.com\/wp-content\/uploads\/2022\/05\/IMG_8103-150x150.jpg\" data-responsive=\"https:\/\/www.hoteltorreimperiale.com\/wp-content\/uploads\/2022\/05\/IMG_8103-150x150.jpg\" data-src=\"https:\/\/www.hoteltorreimperiale.com\/wp-content\/uploads\/2022\/05\/IMG_8103-scaled.jpg\" class=\"\"> \n              \t<img src=\"https:\/\/www.hoteltorreimperiale.com\/wp-content\/uploads\/2022\/05\/IMG_8103-scaled.jpg\" alt=\"\" \/>\n              \t\t              <\/li>\n\t\t\t\t\t \t\n\t\t\t\t\t \t\t<li data-thumb=\"https:\/\/www.hoteltorreimperiale.com\/wp-content\/uploads\/2022\/05\/IMG_8056-150x150.jpg\" data-responsive=\"https:\/\/www.hoteltorreimperiale.com\/wp-content\/uploads\/2022\/05\/IMG_8056-150x150.jpg\" data-src=\"https:\/\/www.hoteltorreimperiale.com\/wp-content\/uploads\/2022\/05\/IMG_8056-scaled.jpg\" class=\"\"> \n              \t<img src=\"https:\/\/www.hoteltorreimperiale.com\/wp-content\/uploads\/2022\/05\/IMG_8056-scaled.jpg\" alt=\"\" \/>\n              \t\t              <\/li>\n\t\t\t\t\t \t\n\t\t\t\t\t \t\t<li data-thumb=\"https:\/\/www.hoteltorreimperiale.com\/wp-content\/uploads\/2022\/04\/262926306-2-150x150.jpg\" data-responsive=\"https:\/\/www.hoteltorreimperiale.com\/wp-content\/uploads\/2022\/04\/262926306-2-150x150.jpg\" data-src=\"https:\/\/www.hoteltorreimperiale.com\/wp-content\/uploads\/2022\/04\/262926306-2.jpg\" class=\"\"> \n              \t<img src=\"https:\/\/www.hoteltorreimperiale.com\/wp-content\/uploads\/2022\/04\/262926306-2.jpg\" alt=\"\" \/>\n              \t\t              <\/li>\n\t\t\t\t\t \t\n\t\t\t\t\t \t\t<li data-thumb=\"https:\/\/www.hoteltorreimperiale.com\/wp-content\/uploads\/2022\/04\/17540583-2-150x150.jpg\" data-responsive=\"https:\/\/www.hoteltorreimperiale.com\/wp-content\/uploads\/2022\/04\/17540583-2-150x150.jpg\" data-src=\"https:\/\/www.hoteltorreimperiale.com\/wp-content\/uploads\/2022\/04\/17540583-2.jpg\" class=\"\"> \n              \t<img src=\"https:\/\/www.hoteltorreimperiale.com\/wp-content\/uploads\/2022\/04\/17540583-2.jpg\" alt=\"\" \/>\n              \t\t              <\/li>\n\t\t\t\t\t \t\n\t\t\t\t\t \t\t<li data-thumb=\"https:\/\/www.hoteltorreimperiale.com\/wp-content\/uploads\/2022\/05\/IMG_7921-150x150.jpg\" data-responsive=\"https:\/\/www.hoteltorreimperiale.com\/wp-content\/uploads\/2022\/05\/IMG_7921-150x150.jpg\" data-src=\"https:\/\/www.hoteltorreimperiale.com\/wp-content\/uploads\/2022\/05\/IMG_7921-scaled.jpg\" class=\"\"> \n              \t<img src=\"https:\/\/www.hoteltorreimperiale.com\/wp-content\/uploads\/2022\/05\/IMG_7921-scaled.jpg\" alt=\"\" \/>\n              \t\t              <\/li>\n\t\t\t\t\t \t\n\t\t\t\t\t \t\t<li data-thumb=\"https:\/\/www.hoteltorreimperiale.com\/wp-content\/uploads\/2022\/05\/IMG_8049-HDR-150x150.jpg\" data-responsive=\"https:\/\/www.hoteltorreimperiale.com\/wp-content\/uploads\/2022\/05\/IMG_8049-HDR-150x150.jpg\" data-src=\"https:\/\/www.hoteltorreimperiale.com\/wp-content\/uploads\/2022\/05\/IMG_8049-HDR-scaled.jpg\" class=\"\"> \n              \t<img src=\"https:\/\/www.hoteltorreimperiale.com\/wp-content\/uploads\/2022\/05\/IMG_8049-HDR-scaled.jpg\" alt=\"\" \/>\n              \t\t              <\/li>\n\t\t\t\t\t \t\n\t\t\t\t\t \t\t<li data-thumb=\"https:\/\/www.hoteltorreimperiale.com\/wp-content\/uploads\/2022\/04\/262928878-150x150.jpg\" data-responsive=\"https:\/\/www.hoteltorreimperiale.com\/wp-content\/uploads\/2022\/04\/262928878-150x150.jpg\" data-src=\"https:\/\/www.hoteltorreimperiale.com\/wp-content\/uploads\/2022\/04\/262928878.jpg\" class=\"\"> \n              \t<img src=\"https:\/\/www.hoteltorreimperiale.com\/wp-content\/uploads\/2022\/04\/262928878.jpg\" alt=\"\" \/>\n              \t\t              <\/li>\n\t\t\t\t\t \t\t\t\t\t\t<\/ul>\n\t\t\t\t<\/div>\n\t\t\t<\/div>\n\n\t\t\t\t\t\t<style type=\"text\/css\">\n\t\t\t\t.lg .lg-sub-html{\n\t\t\t\t\tdisplay: none !important;\n\t\t\t\t}\n\t\t\t<\/style>\n\t\t\t\n\t\t\t<style type=\"text\/css\">\n\t\t\t\t.lSSlideOuter .lSSlideWrapper ul li img{\n\t\t\t\t  width: 100%;\n\t\t\t\t}\n\t\t\t<\/style>\n\n\t\t\t\t\t\t\t<script>\n\t\t    \tjQuery(document).ready(function() {\n\t\t\t\t\tvar setting_download = '';\n\t\t        jQuery('#gwts-gwl-img-gallery470').lightSlider({\n              item:4,\t\t                \n              slideMargin:3,\n              addClass:'',\n              speed:300,\n              pause:3000,\n              auto:true,\n              loop:true,\n              pager:true,\n              gallery:false,\n              thumbItem:9,\n\t    \t  controls:true,\n\t    \t   \t\t\t\t\t\t\t\n\t    \t\t\t\tresponsive : [\n\t\t            {\n\t                breakpoint:800,\n\t                settings: {\n                    item:1,\n                    slideMove:1,\n                  }\n\t\t            },\n\t\t            {\n\t                breakpoint:641,\n\t                settings: {\n                    item:1,\n                    slideMove:1,\n                  }\n\t\t            },\n\t\t            {\n\t                breakpoint:480,\n\t                settings: {\n                    item:1,\n                    slideMove:1,\n                  }\n\t\t            },\t\t\t\t\t\t           \n\t\t\t\t\t\t  ],\n\t    \t\t\t\t\tuseCSS: true,\n\t        \t\t\tcssEasing: 'ease',\n\t        \t\t\teasing: 'linear',\n\t        \t\t\tkeyPress: false,\n\t        \t\t\tslideEndAnimation: true,\n\t        \t\t\tswipeThreshold: 40,        \t\t\t\n\t\t              \tonSliderLoad: function(el) {\n\t\t\t\t\t\t\tjQuery('#gwts-gwl-img-gallery470').removeClass('cS-hidden');\n\t\t\t\t\t\t\tjQuery('#gwts-gwl-img-gallery470').addClass('gwts-loaded');\n\t\t\t\t\t\t\t\n\t\t\t\t\t\t\tvar lithbox = jQuery('#gwts-gwl-img-gallery470').attr(\"data-litebx\");\n\t\t\t\t\t\t\tif(lithbox=='true'){\n\t\t\t\t\t\t\t\tel.lightGallery({\n\t\t\t\t\t\t\t\t\tdownload: setting_download,\n\t\t\t\t\t\t\t\t\tselector: '#gwts-gwl-img-gallery470 .lslide'\n\t\t\t\t\t\t\t\t});\n\t\t\t\t\t\t\t}\t\n\t\t              \t}  \n\t\t\t        });\n\t\t\t\t\t});\n\t\t    \t\t\t\t\t\t\tvar interval = setTimeout(function() {\n\t\t\t\t\t\tdocument.querySelector('.lSSlideOuter > ul > li:nth-child(2)').click();\n\t\t\t\t\t\t}, 3000);\n\t\t\t\t\t\t\t\t<\/script>\n\t\t \n","protected":false},"excerpt":{"rendered":"<p>Ein nettes Hotel mit exklusiven Zimmern, jemand mit Seeblick; Unseres hellen Zimmer Hotels bieten ein modernes Design und eine einladende Atmosph\u00e4re mit privatem Balkon oder Terrasse f\u00fcr einen erholsamen Aufenthalt. Sobald Sie im Torre Imperiale ankommen, werden Sie dank der vielen Zimmer sofort ein Gef\u00fchl angenehmer Vertrautheit sp\u00fcren, um sicherzustellen, dass alle G\u00e4ste ein wirklich&#8230; <\/p>\n<div class=\"read-more navbutton\"><a href=\"https:\/\/www.hoteltorreimperiale.com\/de\/raeume\/\">Read More<i class=\"fa fa-angle-double-right\"><\/i><\/a><\/div>\n","protected":false},"author":1,"featured_media":0,"parent":0,"menu_order":0,"comment_status":"closed","ping_status":"closed","template":"page-templates\/full-width.php","meta":[],"_links":{"self":[{"href":"https:\/\/www.hoteltorreimperiale.com\/de\/wp-json\/wp\/v2\/pages\/767"}],"collection":[{"href":"https:\/\/www.hoteltorreimperiale.com\/de\/wp-json\/wp\/v2\/pages"}],"about":[{"href":"https:\/\/www.hoteltorreimperiale.com\/de\/wp-json\/wp\/v2\/types\/page"}],"author":[{"embeddable":true,"href":"https:\/\/www.hoteltorreimperiale.com\/de\/wp-json\/wp\/v2\/users\/1"}],"replies":[{"embeddable":true,"href":"https:\/\/www.hoteltorreimperiale.com\/de\/wp-json\/wp\/v2\/comments?post=767"}],"version-history":[{"count":3,"href":"https:\/\/www.hoteltorreimperiale.com\/de\/wp-json\/wp\/v2\/pages\/767\/revisions"}],"predecessor-version":[{"id":770,"href":"https:\/\/www.hoteltorreimperiale.com\/de\/wp-json\/wp\/v2\/pages\/767\/revisions\/770"}],"wp:attachment":[{"href":"https:\/\/www.hoteltorreimperiale.com\/de\/wp-json\/wp\/v2\/media?parent=767"}],"curies":[{"name":"wp","href":"https:\/\/api.w.org\/{rel}","templated":true}]}}