{"id":763,"date":"2021-10-30T11:52:33","date_gmt":"2021-10-30T09:52:33","guid":{"rendered":"https:\/\/www.hoteltorreimperiale.com\/?page_id=763"},"modified":"2022-07-01T14:34:57","modified_gmt":"2022-07-01T12:34:57","slug":"das-restaurant","status":"publish","type":"page","link":"https:\/\/www.hoteltorreimperiale.com\/de\/das-restaurant\/","title":{"rendered":"Das restaurant"},"content":{"rendered":"<p><img loading=\"lazy\" class=\"wp-image-429 alignleft\" src=\"https:\/\/www.hoteltorreimperiale.com\/wp-content\/uploads\/2022\/05\/IMG_8221-300x200.jpg\" alt=\"\" width=\"195\" height=\"130\" srcset=\"https:\/\/www.hoteltorreimperiale.com\/wp-content\/uploads\/2022\/05\/IMG_8221-300x200.jpg 300w, https:\/\/www.hoteltorreimperiale.com\/wp-content\/uploads\/2022\/05\/IMG_8221-1024x683.jpg 1024w, https:\/\/www.hoteltorreimperiale.com\/wp-content\/uploads\/2022\/05\/IMG_8221-768x512.jpg 768w, https:\/\/www.hoteltorreimperiale.com\/wp-content\/uploads\/2022\/05\/IMG_8221-1536x1024.jpg 1536w, https:\/\/www.hoteltorreimperiale.com\/wp-content\/uploads\/2022\/05\/IMG_8221-2048x1365.jpg 2048w\" sizes=\"(max-width: 195px) 100vw, 195px\" \/>In unserem Hotel ist es m\u00f6glich, das gesamte Restaurant f\u00fcr Firmenveranstaltungen, Geburtstage, Abschlussfeiern, Hochzeiten oder andere Anl\u00e4sse zu reservieren. Ideal f\u00fcr Gruppen, die in einer entspannten Umgebung mit einer typischen und unverf\u00e4lschten K\u00fcche zusammen sein m\u00f6chten.<\/p>\n<p>Der K\u00fcchenchef und das Personal des Speisesaals stehen den Kunden f\u00fcr die Einrichtung der Rezeption zur Verf\u00fcgung, mit gr\u00f6\u00dfter Aufmerksamkeit f\u00fcr jedes Detail, um die W\u00fcnsche der G\u00e4ste bestm\u00f6glich zu erf\u00fcllen.<\/p>\n<p>&nbsp;<\/p>\n<p><strong>Men\u00f9<br \/>\n<\/strong><\/p>\n<div class=\"gdc_row\"><div class=\"gdc_column gdc_chalf\"><div class=\"gdc_inner\"><br \/>\n<strong>Starter<\/strong><\/p>\n<ul>\n<li>Gemischte platte mit aufschitt<\/li>\n<li>Fassona-Carpaccio mit radicchio, parmesanflocken und oliven\u00f6l<\/li>\n<li>Warmer meeresfr\u00fcchtesalat<\/li>\n<li>Barshifilet mariniert mit ingwer und rucola<\/li>\n<\/ul>\n<p><strong>First<br \/>\n<\/strong><\/p>\n<ul>\n<li>Spaghetti mit meeresfr\u00fcchtnen<\/li>\n<li>Linguine am scoglio<\/li>\n<li>Risotto mit goldbarsch mit butter und salbei<\/li>\n<\/ul>\n<p><strong>Pasta des tages<br \/>\n<\/strong><\/p>\n<ul>\n<li>Bolognese<\/li>\n<li>Tomate<\/li>\n<li>Pesto und Kirschtomaten<\/li>\n<li>Auberginenkuchen<\/li>\n<\/ul>\n<p><\/div><\/div><div class=\"gdc_column gdc_chalf\"><div class=\"gdc_inner\"><br \/>\n<strong>Sekunden<br \/>\n<\/strong><\/p>\n<ul>\n<li>Rindfleisch mit Honig und Rosmarin geschnitten<\/li>\n<li>Lamm &#8222;scottadito&#8220;<\/li>\n<li>Mail\u00e4nder Schnitzel<\/li>\n<li>Kr\u00e4uterdufter Cartoccio Wolfsbarsch, Zitrone und frische fr\u00fchlingszwiebeln mit Meeresfr\u00fcchtnen<\/li>\n<li>Gemischtes braten &#8222;Imperiale&#8220;<\/li>\n<\/ul>\n<p><strong>Nachspeisen<\/strong><\/p>\n<ul>\n<li>Tiramis\u00f9<\/li>\n<li>Cheesecake<\/li>\n<li>Crema catalana<\/li>\n<li>Panna cotta<\/li>\n<li>Hausgemachter Kuchen<\/li>\n<li>Eisbecher (verschiedene Geschm\u00e4cker)<\/li>\n<\/ul>\n<p><\/div><\/div><\/div>\n\t\t\t<div class=\"gwts-gwl-prev-gallery\">\n\t\t\t\t\t\t\t\t\n\t\t\t\t\t<p class=\"gwts-gwl-prev-title\"><strong>-<\/strong><\/p> \n\t\t\t\t\t\t\t\t\t\t\t<\/div>\n\t\t\t\n\t\t \t<div class=\"item\" style=\"padding:    ;\">            \n\t      <div class=\"clearfix\" style=\"max-width:800px;\">\n\n\t        <ul id=\"gwts-gwl-img-gallery852\" class=\"gwts-gwl-slidergal list-unstyled cS-hidden\" data-litebx=\"true\">\n\t\t\t\t    \n\t\t\t\t\t \t\t<li data-thumb=\"https:\/\/www.hoteltorreimperiale.com\/wp-content\/uploads\/2022\/06\/unnamed-150x150.jpg\" data-responsive=\"https:\/\/www.hoteltorreimperiale.com\/wp-content\/uploads\/2022\/06\/unnamed-150x150.jpg\" data-src=\"https:\/\/www.hoteltorreimperiale.com\/wp-content\/uploads\/2022\/06\/unnamed.jpg\" class=\"\"> \n              \t<img src=\"https:\/\/www.hoteltorreimperiale.com\/wp-content\/uploads\/2022\/06\/unnamed.jpg\" alt=\"\" \/>\n              \t\t              <\/li>\n\t\t\t\t\t \t\n\t\t\t\t\t \t\t<li data-thumb=\"https:\/\/www.hoteltorreimperiale.com\/wp-content\/uploads\/2022\/06\/unnamed00-150x150.jpg\" data-responsive=\"https:\/\/www.hoteltorreimperiale.com\/wp-content\/uploads\/2022\/06\/unnamed00-150x150.jpg\" data-src=\"https:\/\/www.hoteltorreimperiale.com\/wp-content\/uploads\/2022\/06\/unnamed00.jpg\" class=\"\"> \n              \t<img src=\"https:\/\/www.hoteltorreimperiale.com\/wp-content\/uploads\/2022\/06\/unnamed00.jpg\" alt=\"\" \/>\n              \t\t              <\/li>\n\t\t\t\t\t \t\n\t\t\t\t\t \t\t<li data-thumb=\"https:\/\/www.hoteltorreimperiale.com\/wp-content\/uploads\/2022\/06\/unnamed2-150x150.jpg\" data-responsive=\"https:\/\/www.hoteltorreimperiale.com\/wp-content\/uploads\/2022\/06\/unnamed2-150x150.jpg\" data-src=\"https:\/\/www.hoteltorreimperiale.com\/wp-content\/uploads\/2022\/06\/unnamed2.jpg\" class=\"\"> \n              \t<img src=\"https:\/\/www.hoteltorreimperiale.com\/wp-content\/uploads\/2022\/06\/unnamed2.jpg\" alt=\"\" \/>\n              \t\t              <\/li>\n\t\t\t\t\t \t\n\t\t\t\t\t \t\t<li data-thumb=\"https:\/\/www.hoteltorreimperiale.com\/wp-content\/uploads\/2022\/06\/unnamed4-150x150.jpg\" data-responsive=\"https:\/\/www.hoteltorreimperiale.com\/wp-content\/uploads\/2022\/06\/unnamed4-150x150.jpg\" data-src=\"https:\/\/www.hoteltorreimperiale.com\/wp-content\/uploads\/2022\/06\/unnamed4.jpg\" class=\"\"> \n              \t<img src=\"https:\/\/www.hoteltorreimperiale.com\/wp-content\/uploads\/2022\/06\/unnamed4.jpg\" alt=\"\" \/>\n              \t\t              <\/li>\n\t\t\t\t\t \t\n\t\t\t\t\t \t\t<li data-thumb=\"https:\/\/www.hoteltorreimperiale.com\/wp-content\/uploads\/2022\/06\/unnamed99-150x150.jpg\" data-responsive=\"https:\/\/www.hoteltorreimperiale.com\/wp-content\/uploads\/2022\/06\/unnamed99-150x150.jpg\" data-src=\"https:\/\/www.hoteltorreimperiale.com\/wp-content\/uploads\/2022\/06\/unnamed99.jpg\" class=\"\"> \n              \t<img src=\"https:\/\/www.hoteltorreimperiale.com\/wp-content\/uploads\/2022\/06\/unnamed99.jpg\" alt=\"\" \/>\n              \t\t              <\/li>\n\t\t\t\t\t \t\n\t\t\t\t\t \t\t<li data-thumb=\"https:\/\/www.hoteltorreimperiale.com\/wp-content\/uploads\/2022\/06\/unnamed88-150x150.jpg\" data-responsive=\"https:\/\/www.hoteltorreimperiale.com\/wp-content\/uploads\/2022\/06\/unnamed88-150x150.jpg\" data-src=\"https:\/\/www.hoteltorreimperiale.com\/wp-content\/uploads\/2022\/06\/unnamed88.jpg\" class=\"\"> \n              \t<img src=\"https:\/\/www.hoteltorreimperiale.com\/wp-content\/uploads\/2022\/06\/unnamed88.jpg\" alt=\"\" \/>\n              \t\t              <\/li>\n\t\t\t\t\t \t\n\t\t\t\t\t \t\t<li data-thumb=\"https:\/\/www.hoteltorreimperiale.com\/wp-content\/uploads\/2022\/06\/unnamed8-150x150.jpg\" data-responsive=\"https:\/\/www.hoteltorreimperiale.com\/wp-content\/uploads\/2022\/06\/unnamed8-150x150.jpg\" data-src=\"https:\/\/www.hoteltorreimperiale.com\/wp-content\/uploads\/2022\/06\/unnamed8.jpg\" class=\"\"> \n              \t<img src=\"https:\/\/www.hoteltorreimperiale.com\/wp-content\/uploads\/2022\/06\/unnamed8.jpg\" alt=\"\" \/>\n              \t\t              <\/li>\n\t\t\t\t\t \t\n\t\t\t\t\t \t\t<li data-thumb=\"https:\/\/www.hoteltorreimperiale.com\/wp-content\/uploads\/2022\/06\/unnamed66-150x150.jpg\" data-responsive=\"https:\/\/www.hoteltorreimperiale.com\/wp-content\/uploads\/2022\/06\/unnamed66-150x150.jpg\" data-src=\"https:\/\/www.hoteltorreimperiale.com\/wp-content\/uploads\/2022\/06\/unnamed66.jpg\" class=\"\"> \n              \t<img src=\"https:\/\/www.hoteltorreimperiale.com\/wp-content\/uploads\/2022\/06\/unnamed66.jpg\" alt=\"\" \/>\n              \t\t              <\/li>\n\t\t\t\t\t \t\n\t\t\t\t\t \t\t<li data-thumb=\"https:\/\/www.hoteltorreimperiale.com\/wp-content\/uploads\/2022\/06\/unnamed6-150x150.jpg\" data-responsive=\"https:\/\/www.hoteltorreimperiale.com\/wp-content\/uploads\/2022\/06\/unnamed6-150x150.jpg\" data-src=\"https:\/\/www.hoteltorreimperiale.com\/wp-content\/uploads\/2022\/06\/unnamed6.jpg\" class=\"\"> \n              \t<img src=\"https:\/\/www.hoteltorreimperiale.com\/wp-content\/uploads\/2022\/06\/unnamed6.jpg\" alt=\"\" \/>\n              \t\t              <\/li>\n\t\t\t\t\t \t\t\t\t\t\t<\/ul>\n\t\t\t\t<\/div>\n\t\t\t<\/div>\n\n\t\t\t\t\t\t<style type=\"text\/css\">\n\t\t\t\t.lg .lg-sub-html{\n\t\t\t\t\tdisplay: none !important;\n\t\t\t\t}\n\t\t\t<\/style>\n\t\t\t\n\t\t\t<style type=\"text\/css\">\n\t\t\t\t.lSSlideOuter .lSSlideWrapper ul li img{\n\t\t\t\t  width: 100%;\n\t\t\t\t}\n\t\t\t<\/style>\n\n\t\t\t\t\t\t\t<script>\n\t\t    \tjQuery(document).ready(function() {\n\t\t\t\t\tvar setting_download = '';\n\t\t        jQuery('#gwts-gwl-img-gallery852').lightSlider({\n              item:4,\t\t                \n              slideMargin:3,\n              addClass:'',\n              speed:300,\n              pause:3000,\n              auto:true,\n              loop:true,\n              pager:true,\n              gallery:false,\n              thumbItem:9,\n\t    \t  controls:true,\n\t    \t   \t\t\t\t\t\t\t\n\t    \t\t\t\tresponsive : [\n\t\t            {\n\t                breakpoint:800,\n\t                settings: {\n                    item:1,\n                    slideMove:1,\n                  }\n\t\t            },\n\t\t            {\n\t                breakpoint:641,\n\t                settings: {\n                    item:1,\n                    slideMove:1,\n                  }\n\t\t            },\n\t\t            {\n\t                breakpoint:480,\n\t                settings: {\n                    item:1,\n                    slideMove:1,\n                  }\n\t\t            },\t\t\t\t\t\t           \n\t\t\t\t\t\t  ],\n\t    \t\t\t\t\tuseCSS: true,\n\t        \t\t\tcssEasing: 'ease',\n\t        \t\t\teasing: 'linear',\n\t        \t\t\tkeyPress: false,\n\t        \t\t\tslideEndAnimation: true,\n\t        \t\t\tswipeThreshold: 40,        \t\t\t\n\t\t              \tonSliderLoad: function(el) {\n\t\t\t\t\t\t\tjQuery('#gwts-gwl-img-gallery852').removeClass('cS-hidden');\n\t\t\t\t\t\t\tjQuery('#gwts-gwl-img-gallery852').addClass('gwts-loaded');\n\t\t\t\t\t\t\t\n\t\t\t\t\t\t\tvar lithbox = jQuery('#gwts-gwl-img-gallery852').attr(\"data-litebx\");\n\t\t\t\t\t\t\tif(lithbox=='true'){\n\t\t\t\t\t\t\t\tel.lightGallery({\n\t\t\t\t\t\t\t\t\tdownload: setting_download,\n\t\t\t\t\t\t\t\t\tselector: '#gwts-gwl-img-gallery852 .lslide'\n\t\t\t\t\t\t\t\t});\n\t\t\t\t\t\t\t}\t\n\t\t              \t}  \n\t\t\t        });\n\t\t\t\t\t});\n\t\t    \t\t\t\t\t\t\tvar interval = setTimeout(function() {\n\t\t\t\t\t\tdocument.querySelector('.lSSlideOuter > ul > li:nth-child(2)').click();\n\t\t\t\t\t\t}, 3000);\n\t\t\t\t\t\t\t\t<\/script>\n\t\t \n","protected":false},"excerpt":{"rendered":"<p>In unserem Hotel ist es m\u00f6glich, das gesamte Restaurant f\u00fcr Firmenveranstaltungen, Geburtstage, Abschlussfeiern, Hochzeiten oder andere Anl\u00e4sse zu reservieren. Ideal f\u00fcr Gruppen, die in einer entspannten Umgebung mit einer typischen und unverf\u00e4lschten K\u00fcche zusammen sein m\u00f6chten. Der K\u00fcchenchef und das Personal des Speisesaals stehen den Kunden f\u00fcr die Einrichtung der Rezeption zur Verf\u00fcgung, mit gr\u00f6\u00dfter&#8230; <\/p>\n<div class=\"read-more navbutton\"><a href=\"https:\/\/www.hoteltorreimperiale.com\/de\/das-restaurant\/\">Read More<i class=\"fa fa-angle-double-right\"><\/i><\/a><\/div>\n","protected":false},"author":1,"featured_media":0,"parent":0,"menu_order":0,"comment_status":"closed","ping_status":"closed","template":"page-templates\/full-width.php","meta":[],"_links":{"self":[{"href":"https:\/\/www.hoteltorreimperiale.com\/de\/wp-json\/wp\/v2\/pages\/763"}],"collection":[{"href":"https:\/\/www.hoteltorreimperiale.com\/de\/wp-json\/wp\/v2\/pages"}],"about":[{"href":"https:\/\/www.hoteltorreimperiale.com\/de\/wp-json\/wp\/v2\/types\/page"}],"author":[{"embeddable":true,"href":"https:\/\/www.hoteltorreimperiale.com\/de\/wp-json\/wp\/v2\/users\/1"}],"replies":[{"embeddable":true,"href":"https:\/\/www.hoteltorreimperiale.com\/de\/wp-json\/wp\/v2\/comments?post=763"}],"version-history":[{"count":18,"href":"https:\/\/www.hoteltorreimperiale.com\/de\/wp-json\/wp\/v2\/pages\/763\/revisions"}],"predecessor-version":[{"id":855,"href":"https:\/\/www.hoteltorreimperiale.com\/de\/wp-json\/wp\/v2\/pages\/763\/revisions\/855"}],"wp:attachment":[{"href":"https:\/\/www.hoteltorreimperiale.com\/de\/wp-json\/wp\/v2\/media?parent=763"}],"curies":[{"name":"wp","href":"https:\/\/api.w.org\/{rel}","templated":true}]}}